{"id":100,"date":"2021-11-23T13:38:42","date_gmt":"2021-11-23T13:38:42","guid":{"rendered":"http:\/\/edunew.pl\/?page_id=100"},"modified":"2026-03-23T12:03:33","modified_gmt":"2026-03-23T12:03:33","slug":"regulamin-segregacja","status":"publish","type":"page","link":"http:\/\/edunew.pl\/index.php\/regulamin-segregacja\/","title":{"rendered":"Regulamin Segregacja"},"content":{"rendered":"\n<p>Regulamin konkursu\u00a0 \u201eSegregacja na 5\u201d edycja VI<\/p>\n\n\n\n<p>\u00a71 Cele konkursu<\/p>\n\n\n\n<p>&nbsp;Celami konkursu s\u0105:<\/p>\n\n\n\n<p>&nbsp;1. Budowanie poziomu wiedzy zwi\u0105zanej z segregacj\u0105 odpad\u00f3w.<\/p>\n\n\n\n<p>&nbsp;2. Wzbudzanie impuls\u00f3w do dzia\u0142a\u0144 zwi\u0105zanych z segregacj\u0105.<\/p>\n\n\n\n<p>3. Kreatywne uczestnictwo w wydarzeniach zwi\u0105zanych z nauk\u0105 segregacji odpad\u00f3w.<\/p>\n\n\n\n<p>4. Promowanie \u015bwiadomo\u015bci ekologicznej i dzia\u0142a\u0144 pro \u015brodowiskowych<\/p>\n\n\n\n<p>&nbsp;\u00a72 Organizator konkursu<\/p>\n\n\n\n<p>1. Organizatorem konkursu o nazwie \u201eSegregacja na 5 \u201d edycja VI jest MPGK\u00a0 w Rzeszowie w wsp\u00f3\u0142pracy ze stowarzyszeniem Nowoczesna Edukacja.<\/p>\n\n\n\n<p>3. Adres organizatora:www.edunew.pl.<\/p>\n\n\n\n<p>&nbsp;4. Osoba upowa\u017cniona do udzielania informacji na temat konkursu Ireneusz Tomczyk, i.tomczyk@edunew.pl, telefon: 732732125&nbsp;<\/p>\n\n\n\n<p>\u00a73 Za\u0142o\u017cenia organizacyjne<\/p>\n\n\n\n<p>1. W konkursie mog\u0105 wzi\u0105\u0107 przedstawiciele plac\u00f3wek przedszkolnych z terenu gminy Miasta Rzesz\u00f3w i gminy Trzebownisko<\/p>\n\n\n\n<p>&nbsp;2. Nagrody zostan\u0105 wr\u0119czone w nast\u0119puj\u0105cych kategoriach; prace indywidualne lub zbiorcze reprezentuj\u0105ce dan\u0105 plac\u00f3wk\u0119<\/p>\n\n\n\n<p>&nbsp;&nbsp;3. Udzia\u0142 w konkursie jest bezp\u0142atny.<\/p>\n\n\n\n<p>&nbsp;4. Prace nades\u0142ane metod\u0105 elektroniczn\u0105 na e-mail <a href=\"mailto:segregacjana5@edunew.pl\">segregacjana5@edunew.pl<\/a> na konkurs musz\u0105 by\u0107 pracami w\u0142asnymi, niepublikowanymi wcze\u015bniej oraz nieprzedstawianymi na innych konkursach. Nades\u0142anie pracy na konkurs jest jednoznaczne ze z\u0142o\u017ceniem o\u015bwiadczenia o tych faktach.<\/p>\n\n\n\n<p>5. Ka\u017cdy uczestnik mo\u017ce zg\u0142osi\u0107 do konkursu jedn\u0105 prac\u0119.<\/p>\n\n\n\n<p>&nbsp;6. Prace zg\u0142oszone do konkursu nie b\u0119d\u0105 zwracane autorom. &nbsp;<\/p>\n\n\n\n<p>7. Prace powinny by\u0107 wykonane w oparciu o materia\u0142y dostarczone przez organizatora.<\/p>\n\n\n\n<p>\u00a08. Prace \u00a0mog\u0105 by\u0107 wykonane dowoln\u0105 technik\u0105 plastyczn\u0105 . Po wykonaniu wychowankowie umieszczaj\u0105 je w pojemniku imituj\u0105cym kosz danej frakcji.<\/p>\n\n\n\n<p>9. Tematyka prac powinna by\u0107 \u015bci\u015ble zwi\u0105zana z ide\u0105 konkursu, to jest segregacj\u0105 odpad\u00f3w.<\/p>\n\n\n\n<p>10. Prace sk\u0142adaj\u0105 nauczyciele z wyszczeg\u00f3lnieniem nazwy plac\u00f3wki :<\/p>\n\n\n\n<p>Prace nadsy\u0142ane drog\u0105 elektroniczn\u0105 powinny zawiera\u0107 te same dane o autorze pracy umieszczone w tre\u015bci maila lub w pliku tekstowym MS Office Word;<\/p>\n\n\n\n<p>11. Zg\u0142oszenie prac do konkursu jest r\u00f3wnoznaczne z nieodp\u0142atnym przeniesieniem na organizatora prawa w\u0142asno\u015bci materia\u0142\u00f3w, na kt\u00f3rych prace zosta\u0142y z\u0142o\u017cone.<\/p>\n\n\n\n<p>&nbsp;12. Regulamin konkursu b\u0119dzie dost\u0119pny na stronie internetowej <a href=\"http:\/\/www.edunew.pl\">www.edunew.pl<\/a><\/p>\n\n\n\n<p>13. Sytuacje nie obj\u0119te niniejszym regulaminem rozstrzyga organizator konkursu.<\/p>\n\n\n\n<p>&nbsp;\u00a74 Ocena prac konkursowych<\/p>\n\n\n\n<p>1. Prace nale\u017cy przes\u0142a\u0107 w nieprzekraczalnym terminie do 28 czerwca 2026r., na wskazany w regulaminie adres e-mailowy .<\/p>\n\n\n\n<p>2. W przypadku przes\u0142ania przez uczestnik\u00f3w konkursu wi\u0119kszej liczby prac ni\u017c zosta\u0142o to okre\u015blone w regulaminie, komisja zastrzega sobie prawo do wyboru jednej pracy konkursowej podlegaj\u0105cej ocenie.<\/p>\n\n\n\n<p>3. Prace dostarczane po wyznaczonym przez organizatora terminie lub wykonane niezgodnie z regulaminem nie b\u0119d\u0105 oceniane.<\/p>\n\n\n\n<p>4. O wy\u0142onieniu zwyci\u0119zc\u00f3w konkursu decyduje komisja konkursowa powo\u0142ana przez organizatora. Kryteria oceny zostan\u0105 ustalone w nast\u0119puj\u0105cy spos\u00f3b: &#8211; zgodno\u015b\u0107 pracy z tematem &#8211; jako\u015b\u0107 wykonania &#8211; oryginalno\u015b\u0107 i pomys\u0142owo\u015b\u0107 &#8211; walory artystyczne takie, jak kompozycja, gama kolorystyczna, technika wykonania &#8211; stopie\u0144 trudno\u015bci wykonania.<\/p>\n\n\n\n<p>&nbsp;5. Informacje o nagrodzonych i wyr\u00f3\u017cnionych pracach konkursowych zostan\u0105 przedstawione na stronie <a href=\"http:\/\/www.edunew.pl\">www.edunew.pl<\/a><\/p>\n\n\n\n<p>6. Decyzje komisji konkursowej s\u0105 ostateczne i nieodwo\u0142alne.<\/p>\n\n\n\n<p>&nbsp;\u00a75 Og\u0142oszenie wynik\u00f3w konkursu<\/p>\n\n\n\n<ol type=\"1\"><li>Og\u0142oszenie wynik\u00f3w konkursu odb\u0119dzie si\u0119 najp\u00f3\u017aniej do 04 lipca \u00a0 2026r.<\/li><li>Lista nagrodzonych i wyr\u00f3\u017cnionych plac\u00f3wek zostanie opublikowana na stronie internetowej organizatora konkursu.<\/li><li>. Osoby nagrodzone oraz wyr\u00f3\u017cnione otrzymaj\u0105 dyplomy i certyfikaty uczestnictwa w terminie do ko\u0144ca wrze\u015bnia 2025.<\/li><\/ol>\n\n\n\n<p>&nbsp;\u00a76 Nagrody g\u0142\u00f3wne<\/p>\n\n\n\n<ol type=\"1\"><li>Organizator konkursu przyzna wyr\u00f3\u017cnienia specjalne  oraz  wyr\u00f3\u017cnienia.<\/li><li>&nbsp; Organizator zastrzega sobie wr\u0119czenie wi\u0119kszej liczby wyr\u00f3\u017cnie\u0144 w przypadku wysokiego poziomu artystycznego konkursu.<\/li><\/ol>\n\n\n\n<ul><li>Organizator zastrzega sobie zmian\u0119 terminu og\u0142oszenia wynik\u00f3w i wr\u0119czenia nagr\u00f3d.<\/li><li>Nagrodami b\u0119d\u0105 innowacyjne materia\u0142y dydaktyczne skierowane do plac\u00f3wek przedszkolnych.<\/li><li>Plac\u00f3wki i opiekunowie konkursu z ich ramienia otrzymaj\u0105 potwierdzenia w postaci dyplom\u00f3w<\/li><li>\u00a77 Postanowienia og\u00f3lne<\/li><\/ul>\n\n\n\n<p>1. Niniejszy regulamin jest jedynym i wy\u0142\u0105cznym dokumentem okre\u015blaj\u0105cym zasady i warunki prowadzenia konkursu.<\/p>\n\n\n\n<p>2. Organizator nie ponosi odpowiedzialno\u015bci za zagubione, niekompletne, uszkodzone lub op\u00f3\u017anione zg\u0142oszenia do konkursu powsta\u0142e bez winy organizatora.<\/p>\n\n\n\n<p>&nbsp;3. Koszty przygotowania oraz z\u0142o\u017cenia pracy konkursowej ponosi wy\u0142\u0105cznie uczestnik konkursu.<\/p>\n\n\n\n<p>4. W uzasadnionych przypadkach organizator zastrzega sobie prawo zmian w regulaminie.<\/p>\n\n\n\n<p>5 Organizator nie ponosi odpowiedzialno\u015bci za naruszenie praw autorskich os\u00f3b trzecich &nbsp;przez autora pracy zg\u0142oszonej do konkursu.<\/p>\n\n\n\n<p>6 Ewentualne spory mi\u0119dzy organizatorem a uczestnikiem konkursu zostan\u0105 rozstrzygni\u0119te polubownie.<\/p>\n","protected":false},"excerpt":{"rendered":"<p>Regulamin konkursu\u00a0 \u201eSegregacja na 5\u201d edycja VI \u00a71 Cele konkursu &nbsp;Celami konkursu s\u0105: &nbsp;1. Budowanie poziomu wiedzy zwi\u0105zanej z segregacj\u0105 odpad\u00f3w. &nbsp;2. Wzbudzanie impuls\u00f3w do dzia\u0142a\u0144 zwi\u0105zanych z segregacj\u0105. 3. Kreatywne uczestnictwo w wydarzeniach zwi\u0105zanych z nauk\u0105 segregacji odpad\u00f3w. 4. Promowanie \u015bwiadomo\u015bci ekologicznej i dzia\u0142a\u0144 pro \u015brodowiskowych &nbsp;\u00a72 Organizator konkursu 1. Organizatorem konkursu o nazwie &#8230; <a title=\"Regulamin Segregacja\" class=\"read-more\" href=\"http:\/\/edunew.pl\/index.php\/regulamin-segregacja\/\" aria-label=\"More on Regulamin Segregacja\">Czytaj dalej<\/a><\/p>\n","protected":false},"author":2,"featured_media":0,"parent":0,"menu_order":0,"comment_status":"closed","ping_status":"closed","template":"","meta":[],"_links":{"self":[{"href":"http:\/\/edunew.pl\/index.php\/wp-json\/wp\/v2\/pages\/100"}],"collection":[{"href":"http:\/\/edunew.pl\/index.php\/wp-json\/wp\/v2\/pages"}],"about":[{"href":"http:\/\/edunew.pl\/index.php\/wp-json\/wp\/v2\/types\/page"}],"author":[{"embeddable":true,"href":"http:\/\/edunew.pl\/index.php\/wp-json\/wp\/v2\/users\/2"}],"replies":[{"embeddable":true,"href":"http:\/\/edunew.pl\/index.php\/wp-json\/wp\/v2\/comments?post=100"}],"version-history":[{"count":9,"href":"http:\/\/edunew.pl\/index.php\/wp-json\/wp\/v2\/pages\/100\/revisions"}],"predecessor-version":[{"id":332,"href":"http:\/\/edunew.pl\/index.php\/wp-json\/wp\/v2\/pages\/100\/revisions\/332"}],"wp:attachment":[{"href":"http:\/\/edunew.pl\/index.php\/wp-json\/wp\/v2\/media?parent=100"}],"curies":[{"name":"wp","href":"https:\/\/api.w.org\/{rel}","templated":true}]}}