{"id":6,"date":"2021-09-12T10:00:04","date_gmt":"2021-09-12T10:00:04","guid":{"rendered":"http:\/\/edunew.pl\/?page_id=6"},"modified":"2026-03-23T12:26:13","modified_gmt":"2026-03-23T12:26:13","slug":"strona-glowna","status":"publish","type":"page","link":"http:\/\/edunew.pl\/","title":{"rendered":"EDUNEW"},"content":{"rendered":"\n<p class=\"has-black-color has-vivid-green-cyan-background-color has-text-color has-background has-normal-font-size\">Witamy na stronie dedykowanej dla szk\u00f3\u0142 oraz przedszkoli,  znajdziecie tu  materia\u0142y oraz inspiracje do prowadzenia  codziennych zaj\u0119\u0107.<\/p>\n\n\n\n<p class=\"has-background has-huge-font-size\" style=\"background-color:#00a36c\"> <span class=\"has-inline-color has-luminous-vivid-orange-color\"><em><strong>SEGREGACJA NA 5<\/strong><\/em>  <strong>VI EDYCJA<\/strong><\/span><strong><span class=\"has-inline-color has-luminous-vivid-orange-color\"> <\/span><\/strong>&#8211; <strong><em>konkurs dla plac\u00f3wek przedszkolnych <\/em><\/strong><\/p>\n\n\n\n<p class=\"has-background has-medium-font-size\" style=\"background-color:#00a36c\"><a href=\"http:\/\/edunew.pl\/index.php\/segregacja-na-5\/\" data-type=\"URL\" data-id=\"http:\/\/edunew.pl\/index.php\/segregacja-na-5\/\">http:\/\/edunew.pl\/index.php\/segregacja-na-5\/<\/a><\/p>\n\n\n\n<p><\/p>\n\n\n\n<p><\/p>\n\n\n\n<h2><\/h2>\n","protected":false},"excerpt":{"rendered":"<p>Witamy na stronie dedykowanej dla szk\u00f3\u0142 oraz przedszkoli, znajdziecie tu materia\u0142y oraz inspiracje do prowadzenia codziennych zaj\u0119\u0107. SEGREGACJA NA 5 VI EDYCJA &#8211; konkurs dla plac\u00f3wek przedszkolnych http:\/\/edunew.pl\/index.php\/segregacja-na-5\/<\/p>\n","protected":false},"author":1,"featured_media":0,"parent":0,"menu_order":0,"comment_status":"closed","ping_status":"closed","template":"elementor_theme","meta":[],"_links":{"self":[{"href":"http:\/\/edunew.pl\/index.php\/wp-json\/wp\/v2\/pages\/6"}],"collection":[{"href":"http:\/\/edunew.pl\/index.php\/wp-json\/wp\/v2\/pages"}],"about":[{"href":"http:\/\/edunew.pl\/index.php\/wp-json\/wp\/v2\/types\/page"}],"author":[{"embeddable":true,"href":"http:\/\/edunew.pl\/index.php\/wp-json\/wp\/v2\/users\/1"}],"replies":[{"embeddable":true,"href":"http:\/\/edunew.pl\/index.php\/wp-json\/wp\/v2\/comments?post=6"}],"version-history":[{"count":59,"href":"http:\/\/edunew.pl\/index.php\/wp-json\/wp\/v2\/pages\/6\/revisions"}],"predecessor-version":[{"id":341,"href":"http:\/\/edunew.pl\/index.php\/wp-json\/wp\/v2\/pages\/6\/revisions\/341"}],"wp:attachment":[{"href":"http:\/\/edunew.pl\/index.php\/wp-json\/wp\/v2\/media?parent=6"}],"curies":[{"name":"wp","href":"https:\/\/api.w.org\/{rel}","templated":true}]}}